{"id":236,"date":"2021-08-30T14:26:58","date_gmt":"2021-08-30T17:26:58","guid":{"rendered":"https:\/\/espaco7.com.br\/?page_id=236"},"modified":"2021-08-30T14:27:40","modified_gmt":"2021-08-30T17:27:40","slug":"termos-de-uso","status":"publish","type":"page","link":"https:\/\/espaco7.com.br\/?page_id=236","title":{"rendered":"Termos de uso"},"content":{"rendered":"\t\t<div data-elementor-type=\"wp-page\" data-elementor-id=\"236\" class=\"elementor elementor-236\" data-elementor-post-type=\"page\">\n\t\t\t\t\t\t<section class=\"elementor-section elementor-top-section elementor-element elementor-element-40ff5cb elementor-section-boxed elementor-section-height-default elementor-section-height-default\" data-id=\"40ff5cb\" data-element_type=\"section\" data-settings=\"{&quot;background_background&quot;:&quot;classic&quot;,&quot;shape_divider_top&quot;:&quot;mountains&quot;}\">\n\t\t\t\t\t<div class=\"elementor-shape elementor-shape-top\" data-negative=\"false\">\n\t\t\t<svg xmlns=\"http:\/\/www.w3.org\/2000\/svg\" viewBox=\"0 0 1000 100\" preserveAspectRatio=\"none\">\n\t<path class=\"elementor-shape-fill\" opacity=\"0.33\" d=\"M473,67.3c-203.9,88.3-263.1-34-320.3,0C66,119.1,0,59.7,0,59.7V0h1000v59.7 c0,0-62.1,26.1-94.9,29.3c-32.8,3.3-62.8-12.3-75.8-22.1C806,49.6,745.3,8.7,694.9,4.7S492.4,59,473,67.3z\"\/>\n\t<path class=\"elementor-shape-fill\" opacity=\"0.66\" d=\"M734,67.3c-45.5,0-77.2-23.2-129.1-39.1c-28.6-8.7-150.3-10.1-254,39.1 s-91.7-34.4-149.2,0C115.7,118.3,0,39.8,0,39.8V0h1000v36.5c0,0-28.2-18.5-92.1-18.5C810.2,18.1,775.7,67.3,734,67.3z\"\/>\n\t<path class=\"elementor-shape-fill\" d=\"M766.1,28.9c-200-57.5-266,65.5-395.1,19.5C242,1.8,242,5.4,184.8,20.6C128,35.8,132.3,44.9,89.9,52.5C28.6,63.7,0,0,0,0 h1000c0,0-9.9,40.9-83.6,48.1S829.6,47,766.1,28.9z\"\/>\n<\/svg>\t\t<\/div>\n\t\t\t\t\t<div class=\"elementor-container elementor-column-gap-default\">\n\t\t\t\t\t<div class=\"elementor-column elementor-col-100 elementor-top-column elementor-element elementor-element-cab66df\" data-id=\"cab66df\" data-element_type=\"column\">\n\t\t\t<div class=\"elementor-widget-wrap elementor-element-populated\">\n\t\t\t\t\t\t<div class=\"elementor-element elementor-element-3bc3da6 elementor-widget elementor-widget-html\" data-id=\"3bc3da6\" data-element_type=\"widget\" data-widget_type=\"html.default\">\n\t\t\t\t<div class=\"elementor-widget-container\">\n\t\t\t<h2>1. Termos<\/h2>            <p>Ao acessar ao site <a href='https:\/\/espaco7.com.br'>Espa\u00e7o 7 - Marcenaria e Arquitetura<\/a>, concorda em cumprir estes termos de servi\u00e7o, todas as leis e regulamentos aplic\u00e1veis \u200b\u200be concorda que \u00e9 respons\u00e1vel pelo cumprimento de todas as leis locais aplic\u00e1veis. Se voc\u00ea n\u00e3o concordar com algum                desses termos, est\u00e1 proibido de usar ou acessar este site. Os materiais contidos neste site s\u00e3o protegidos pelas leis de direitos autorais e marcas comerciais aplic\u00e1veis.<\/p>            <h2>2. Uso de Licen\u00e7a<\/h2>            <p>\u00c9 concedida permiss\u00e3o para baixar temporariamente uma c\u00f3pia dos materiais (informa\u00e7\u00f5es ou software) no site Espa\u00e7o 7 - Marcenaria e Arquitetura , apenas para visualiza\u00e7\u00e3o transit\u00f3ria pessoal e n\u00e3o comercial. Esta \u00e9 a concess\u00e3o de uma licen\u00e7a, n\u00e3o uma transfer\u00eancia de t\u00edtulo e,                sob esta licen\u00e7a, voc\u00ea n\u00e3o pode:\u00a0<\/p>            <ol>            <li>modificar ou copiar os materiais;\u00a0 <\/li>            <li>usar os materiais para qualquer finalidade comercial ou para exibi\u00e7\u00e3o p\u00fablica (comercial ou n\u00e3o comercial);\u00a0 <\/li>            <li>tentar descompilar ou fazer engenharia reversa de qualquer software contido no site Espa\u00e7o 7 - Marcenaria e Arquitetura;\u00a0 <\/li>            <li>remover quaisquer direitos autorais ou outras nota\u00e7\u00f5es de propriedade dos materiais; ou\u00a0 <\/li>            <li>transferir os materiais para outra pessoa ou 'espelhe' os materiais em qualquer outro servidor.<\/li>            <\/ol>            <p>Esta licen\u00e7a ser\u00e1 automaticamente rescindida se voc\u00ea violar alguma dessas restri\u00e7\u00f5es e poder\u00e1 ser rescindida por Espa\u00e7o 7 - Marcenaria e Arquitetura a qualquer momento. Ao encerrar a visualiza\u00e7\u00e3o desses materiais ou ap\u00f3s o t\u00e9rmino desta licen\u00e7a, voc\u00ea deve apagar todos os materiais                baixados em sua posse, seja em formato eletr\u00f3nico ou impresso.<\/p>            <h2>3. Isen\u00e7\u00e3o de responsabilidade<\/h2>            <ol>            <li>Os materiais no site da Espa\u00e7o 7 - Marcenaria e Arquitetura s\u00e3o fornecidos 'como est\u00e3o'. Espa\u00e7o 7 - Marcenaria e Arquitetura n\u00e3o oferece garantias, expressas ou impl\u00edcitas, e, por este meio, isenta e nega todas as outras garantias, incluindo, sem limita\u00e7\u00e3o, garantias impl\u00edcitas ou condi\u00e7\u00f5es de comercializa\u00e7\u00e3o,            adequa\u00e7\u00e3o a um fim espec\u00edfico ou n\u00e3o viola\u00e7\u00e3o de propriedade intelectual ou outra viola\u00e7\u00e3o de direitos. <\/li>            <li>Al\u00e9m disso, o Espa\u00e7o 7 - Marcenaria e Arquitetura n\u00e3o garante ou faz qualquer representa\u00e7\u00e3o relativa \u00e0 precis\u00e3o, aos resultados prov\u00e1veis \u200b\u200bou \u00e0 confiabilidade do uso dos            materiais em seu site ou de outra forma relacionado a esses materiais ou em sites vinculados a este site.<\/li>            <\/ol>            <h2>4. Limita\u00e7\u00f5es<\/h2>            <p>Em nenhum caso o Espa\u00e7o 7 - Marcenaria e Arquitetura ou seus fornecedores ser\u00e3o respons\u00e1veis \u200b\u200bpor quaisquer danos (incluindo, sem limita\u00e7\u00e3o, danos por perda de dados ou lucro ou devido a interrup\u00e7\u00e3o dos neg\u00f3cios) decorrentes do uso ou da incapacidade de usar os materiais em Espa\u00e7o 7 - Marcenaria e Arquitetura,                mesmo que Espa\u00e7o 7 - Marcenaria e Arquitetura ou um representante autorizado da Espa\u00e7o 7 - Marcenaria e Arquitetura tenha sido notificado oralmente ou por escrito da possibilidade de tais danos. Como algumas jurisdi\u00e7\u00f5es n\u00e3o permitem limita\u00e7\u00f5es em garantias impl\u00edcitas, ou limita\u00e7\u00f5es de responsabilidade                por danos conseq\u00fcentes ou incidentais, essas limita\u00e7\u00f5es podem n\u00e3o se aplicar a voc\u00ea.<\/p>            <h2>5. Precis\u00e3o dos materiais<\/h2>            <p>Os materiais exibidos no site da Espa\u00e7o 7 - Marcenaria e Arquitetura podem incluir erros t\u00e9cnicos, tipogr\u00e1ficos ou fotogr\u00e1ficos. Espa\u00e7o 7 - Marcenaria e Arquitetura n\u00e3o garante que qualquer material em seu site seja preciso, completo ou atual. Espa\u00e7o 7 - Marcenaria e Arquitetura pode fazer altera\u00e7\u00f5es nos materiais contidos em seu                site a qualquer momento, sem aviso pr\u00e9vio. No entanto, Espa\u00e7o 7 - Marcenaria e Arquitetura n\u00e3o se compromete a atualizar os materiais.<\/p>            <h2>6. Links<\/h2>            <p>O Espa\u00e7o 7 - Marcenaria e Arquitetura n\u00e3o analisou todos os sites vinculados ao seu site e n\u00e3o \u00e9 respons\u00e1vel pelo conte\u00fado de nenhum site vinculado. A inclus\u00e3o de qualquer link n\u00e3o implica endosso por Espa\u00e7o 7 - Marcenaria e Arquitetura do site. O uso de qualquer site vinculado \u00e9 por conta e risco do usu\u00e1rio.<\/p>            <\/p>            <h3>Modifica\u00e7\u00f5es<\/h3>            <p>O Espa\u00e7o 7 - Marcenaria e Arquitetura pode revisar estes termos de servi\u00e7o do site a qualquer momento, sem aviso pr\u00e9vio. Ao usar este site, voc\u00ea concorda em ficar vinculado \u00e0 vers\u00e3o atual desses termos de servi\u00e7o.<\/p>            <h3>Lei aplic\u00e1vel<\/h3>            <p>Estes termos e condi\u00e7\u00f5es s\u00e3o regidos e interpretados de acordo com as leis do Espa\u00e7o 7 - Marcenaria e Arquitetura e voc\u00ea se submete irrevogavelmente \u00e0 jurisdi\u00e7\u00e3o exclusiva dos tribunais naquele estado ou localidade.<\/p>\t\t<\/div>\n\t\t\t\t<\/div>\n\t\t\t\t\t<\/div>\n\t\t<\/div>\n\t\t\t\t\t<\/div>\n\t\t<\/section>\n\t\t\t\t<\/div>\n\t\t","protected":false},"excerpt":{"rendered":"<p>1. Termos Ao acessar ao site Espa\u00e7o 7 &#8211; Marcenaria e Arquitetura, concorda em cumprir estes termos de servi\u00e7o, todas as leis e regulamentos aplic\u00e1veis \u200b\u200be concorda que \u00e9 respons\u00e1vel pelo cumprimento de todas as leis locais aplic\u00e1veis. Se voc\u00ea n\u00e3o concordar com algum desses termos, est\u00e1 proibido de usar ou acessar este site. Os [&hellip;]<\/p>\n","protected":false},"author":1,"featured_media":0,"parent":0,"menu_order":0,"comment_status":"closed","ping_status":"closed","template":"elementor_header_footer","meta":{"footnotes":""},"class_list":["post-236","page","type-page","status-publish","hentry"],"_links":{"self":[{"href":"https:\/\/espaco7.com.br\/index.php?rest_route=\/wp\/v2\/pages\/236","targetHints":{"allow":["GET"]}}],"collection":[{"href":"https:\/\/espaco7.com.br\/index.php?rest_route=\/wp\/v2\/pages"}],"about":[{"href":"https:\/\/espaco7.com.br\/index.php?rest_route=\/wp\/v2\/types\/page"}],"author":[{"embeddable":true,"href":"https:\/\/espaco7.com.br\/index.php?rest_route=\/wp\/v2\/users\/1"}],"replies":[{"embeddable":true,"href":"https:\/\/espaco7.com.br\/index.php?rest_route=%2Fwp%2Fv2%2Fcomments&post=236"}],"version-history":[{"count":2,"href":"https:\/\/espaco7.com.br\/index.php?rest_route=\/wp\/v2\/pages\/236\/revisions"}],"predecessor-version":[{"id":238,"href":"https:\/\/espaco7.com.br\/index.php?rest_route=\/wp\/v2\/pages\/236\/revisions\/238"}],"wp:attachment":[{"href":"https:\/\/espaco7.com.br\/index.php?rest_route=%2Fwp%2Fv2%2Fmedia&parent=236"}],"curies":[{"name":"wp","href":"https:\/\/api.w.org\/{rel}","templated":true}]}}